{"id":10290,"date":"2021-08-06T10:03:29","date_gmt":"2021-08-06T10:03:29","guid":{"rendered":"http:\/\/kasperindre.lt\/?post_type=product&#038;p=10290"},"modified":"2024-09-26T16:41:33","modified_gmt":"2024-09-26T16:41:33","slug":"plauku-kauke-4","status":"publish","type":"product","link":"https:\/\/kasperindre.lt\/?product=plauku-kauke-4","title":{"rendered":"ATKURIAMOJI \u017dVILGESIO KAUK\u0116 | THE SPOTLIGHT CIRCLE"},"content":{"rendered":"\t\t<div data-elementor-type=\"wp-post\" data-elementor-id=\"10290\" class=\"elementor elementor-10290\" data-elementor-settings=\"[]\">\n\t\t\t\t\t\t\t<div class=\"elementor-section-wrap\">\n\t\t\t\t\t\t\t<section class=\"elementor-section elementor-top-section elementor-element elementor-element-d104d1c elementor-section-boxed elementor-section-height-default elementor-section-height-default qodef-elementor-content-no\" data-id=\"d104d1c\" data-element_type=\"section\">\n\t\t\t\t\t\t<div class=\"elementor-container elementor-column-gap-default\">\n\t\t\t\t\t<div class=\"elementor-column elementor-col-100 elementor-top-column elementor-element elementor-element-033d75b\" data-id=\"033d75b\" data-element_type=\"column\">\n\t\t\t<div class=\"elementor-widget-wrap elementor-element-populated\">\n\t\t\t\t\t\t\t\t<div class=\"elementor-element elementor-element-1d3ba39 elementor-widget elementor-widget-text-editor\" data-id=\"1d3ba39\" data-element_type=\"widget\" data-widget_type=\"text-editor.default\">\n\t\t\t\t<div class=\"elementor-widget-container\">\n\t\t\t\t\t\t\t<div class=\"easytabs-text\"><p>I\u0161skirtinai blizgesio suteikianti plauk\u0173 kauk\u0117 su Moriga aliejumi, kuri prideda \u017evilgesio bei ry\u0161kumo plauk\u0173 spalvai.<\/p><ul><li>Idealiai tinka \u012fvairi\u0173 tip\u0173 plaukams, ypa\u010d dulsviems, pa\u017eeistiems plaukams<\/li><li>Suteikia papildomo \u017evilgesio<\/li><li>Poliruoja ir padaro plaukus slid\u017eius<\/li><li>Intensyvaus kondicionavimo efektas<\/li><li>Giliai dr\u0117kina, neapsunkindama plauk\u0173<\/li><\/ul><\/div><div id=\"4708677910660\" class=\"easytabs-container tab-widget-4708677910660 easytabs-inited\" data-et-min-width=\"0\" data-et-auto-accordion=\"0\" data-et-cbw=\"1\" data-et-cbr=\"3\" data-et-sta=\"1\" data-et-amp=\"0\" data-et-flx=\"0\" data-et-wt=\"0\" data-et-ao=\"1\" data-et-tabs-width=\"295\"><div class=\"easytabs-holder easytabs-accordion\"><div class=\"easytabs-contents\"><div class=\"easytabs-content-item easytabs-active\" data-et-marker=\"tabs-the-spotlight-circle-atkuriamoji-zvilgesio-kauke-2\" data-et-handle=\"tabs-kaip-naudoti\"><h5 class=\"easytabs-accordion-item\" tabindex=\"0\" aria-labelledby=\"easytabs-slide-label-4708677910660-0\" aria-selected=\"true\"><a class=\"ui-tabs-anchor js-no-transition\">Kaip naudoti?<\/a><\/h5><div class=\"easytabs-content-holder\" aria-labelledby=\"easytabs-slide-label-4708677910660-0\" aria-expanded=\"true\" aria-hidden=\"false\"><p>Padenkite kauke i\u0161plautus\u00a0ir rank\u0161luos\u010diu nusausintus plaukus. I\u0161laikykite 10 min. per\u0161ukuokite ir nuskalaukite. I\u0161d\u017eiovinkite plaukus.<\/p><p>MULTI\u2013MASKING! DAUGIAFUNKCINIS EFEKTAS!<\/p><p>Galvos odai: padengti \u201eThe Purity Circle\u201c kauke\u00a0valomajam efektui. Visam plauk\u0173 ilgiui: padengti \u201eThe Spotlight Circle\u201c kauke plauk\u0173 blizgesiui.<\/p><\/div><\/div><div class=\"easytabs-content-item\" data-et-marker=\"tabs-the-spotlight-circle-atkuriamoji-zvilgesio-kauke-3\" data-et-handle=\"tabs-sudedamosios-dalys\"><h5 class=\"easytabs-accordion-item\" tabindex=\"-1\" aria-labelledby=\"easytabs-slide-label-4708677910660-1\" aria-selected=\"false\"><a class=\"ui-tabs-anchor js-no-transition\">Sudedamosios dalys<\/a><\/h5><p>AQUA \/ WATER \/ EAU, CETEARYL ALCOHOL, BEHENTRIMONIUM CHLORIDE, GLYCERIN, CETYL ALCOHOL, HYDROGENATED FARNESENE, BEHENTRIMONIUM METHOSULFATE, CETRIMONIUM CHLORIDE, PARFUM \/ FRAGRANCE, GLYCERYL STEARATE, PANTHENOL, QUATERNIUM-87, ISOPROPYL ALCOHOL, BENZYL ALCOHOL, SIMMONDSIA CHINENSIS SEED OIL \/ SIMMONDSIA CHINENSIS (JOJOBA) SEED OIL, MORINGA OLEIFERA SEED OIL, MICA, DISODIUM EDTA, SCLEROTIUM GUM, TOCOPHEROL, SODIUM BENZOATE, CITRIC ACID, LINALOOL, LIMONENE, CITRONELLOL, ALPHA-ISOMETHYL IONONE, HYDROGENATED LECITHIN, CI 77891 \/ TITANIUM DIOXIDE.<\/p><\/div><\/div><\/div><\/div>\t\t\t\t\t\t<\/div>\n\t\t\t\t<\/div>\n\t\t\t\t\t<\/div>\n\t\t<\/div>\n\t\t\t\t\t\t\t<\/div>\n\t\t<\/section>\n\t\t\t\t\t\t<\/div>\n\t\t\t\t\t<\/div>\n\t\t","protected":false},"excerpt":{"rendered":"<div class=\"easytabs-text\">\n<p>I\u0161skirtinai blizgesio suteikianti plauk\u0173 kauk\u0117 su Moriga aliejumi, kuri prideda \u017evilgesio bei ry\u0161kumo plauk\u0173 spalvai.<\/p>\n<\/div>\n<div id=\"4708677910660\" class=\"easytabs-container tab-widget-4708677910660 easytabs-inited\" data-et-min-width=\"0\" data-et-auto-accordion=\"0\" data-et-cbw=\"1\" data-et-cbr=\"3\" data-et-sta=\"1\" data-et-amp=\"0\" data-et-flx=\"0\" data-et-wt=\"0\" data-et-ao=\"1\" data-et-tabs-width=\"295\">\n<div class=\"easytabs-holder easytabs-accordion\">\n<div class=\"easytabs-contents\"><\/div>\n<\/div>\n<\/div>\n","protected":false},"featured_media":10291,"comment_status":"open","ping_status":"closed","template":"","meta":{"om_disable_all_campaigns":false},"product_brand":[],"product_cat":[44,38],"product_tag":[28,33,68,49,71,29,47],"class_list":{"0":"post-10290","1":"product","2":"type-product","3":"status-publish","4":"has-post-thumbnail","6":"product_cat-mini-produktai","7":"product_cat-plauku-kaukes","8":"product_tag-dazyti-plaukai","9":"product_tag-garbanoti-plaukai","10":"product_tag-normalus-plaukai","11":"product_tag-ploni-plaukai","12":"product_tag-sausi-plaukai","13":"product_tag-siaustis-linke-plaukai","14":"product_tag-slenkantys-plaukai","16":"first","17":"instock","18":"shipping-taxable","19":"purchasable","20":"product-type-variable","21":"add-to-wishlist-before_image"},"aioseo_notices":[],"_links":{"self":[{"href":"https:\/\/kasperindre.lt\/index.php?rest_route=\/wp\/v2\/product\/10290","targetHints":{"allow":["GET"]}}],"collection":[{"href":"https:\/\/kasperindre.lt\/index.php?rest_route=\/wp\/v2\/product"}],"about":[{"href":"https:\/\/kasperindre.lt\/index.php?rest_route=\/wp\/v2\/types\/product"}],"replies":[{"embeddable":true,"href":"https:\/\/kasperindre.lt\/index.php?rest_route=%2Fwp%2Fv2%2Fcomments&post=10290"}],"version-history":[{"count":5,"href":"https:\/\/kasperindre.lt\/index.php?rest_route=\/wp\/v2\/product\/10290\/revisions"}],"predecessor-version":[{"id":11103,"href":"https:\/\/kasperindre.lt\/index.php?rest_route=\/wp\/v2\/product\/10290\/revisions\/11103"}],"wp:featuredmedia":[{"embeddable":true,"href":"https:\/\/kasperindre.lt\/index.php?rest_route=\/wp\/v2\/media\/10291"}],"wp:attachment":[{"href":"https:\/\/kasperindre.lt\/index.php?rest_route=%2Fwp%2Fv2%2Fmedia&parent=10290"}],"wp:term":[{"taxonomy":"product_brand","embeddable":true,"href":"https:\/\/kasperindre.lt\/index.php?rest_route=%2Fwp%2Fv2%2Fproduct_brand&post=10290"},{"taxonomy":"product_cat","embeddable":true,"href":"https:\/\/kasperindre.lt\/index.php?rest_route=%2Fwp%2Fv2%2Fproduct_cat&post=10290"},{"taxonomy":"product_tag","embeddable":true,"href":"https:\/\/kasperindre.lt\/index.php?rest_route=%2Fwp%2Fv2%2Fproduct_tag&post=10290"}],"curies":[{"name":"wp","href":"https:\/\/api.w.org\/{rel}","templated":true}]}}