{"id":10261,"date":"2021-08-06T09:49:44","date_gmt":"2021-08-06T09:49:44","guid":{"rendered":"http:\/\/kasperindre.lt\/?post_type=product&#038;p=10261"},"modified":"2024-09-26T16:38:37","modified_gmt":"2024-09-26T16:38:37","slug":"plauku-kauke","status":"publish","type":"product","link":"https:\/\/kasperindre.lt\/?product=plauku-kauke","title":{"rendered":"MAITINANTI KAUK\u0116 SU KERATINU HBP PH: 4 | NOURISHING"},"content":{"rendered":"\t\t<div data-elementor-type=\"wp-post\" data-elementor-id=\"10261\" class=\"elementor elementor-10261\" data-elementor-settings=\"[]\">\n\t\t\t\t\t\t\t<div class=\"elementor-section-wrap\">\n\t\t\t\t\t\t\t<section class=\"elementor-section elementor-top-section elementor-element elementor-element-8401c6c elementor-section-boxed elementor-section-height-default elementor-section-height-default qodef-elementor-content-no\" data-id=\"8401c6c\" data-element_type=\"section\">\n\t\t\t\t\t\t<div class=\"elementor-container elementor-column-gap-default\">\n\t\t\t\t\t<div class=\"elementor-column elementor-col-100 elementor-top-column elementor-element elementor-element-fe70a72\" data-id=\"fe70a72\" data-element_type=\"column\">\n\t\t\t<div class=\"elementor-widget-wrap elementor-element-populated\">\n\t\t\t\t\t\t\t\t<div class=\"elementor-element elementor-element-491cc86 elementor-widget elementor-widget-text-editor\" data-id=\"491cc86\" data-element_type=\"widget\" data-widget_type=\"text-editor.default\">\n\t\t\t\t<div class=\"elementor-widget-container\">\n\t\t\t\t\t\t\t<div class=\"easytabs-text\"><p>Maitinanti kauk\u0117 su keratinu skirta ypa\u010d i\u0161saus\u0117jusiems, chemi\u0161kai pa\u017eeistiems, \u0161iurk\u0161tiems plaukams. U\u017edaromi plauko \u017evyneliai, plaukas sumink\u0161tinamas, nustoja l\u016b\u017ein\u0117ti.\u00a0<span lang=\"lt\">Augalinio keratino ir \u201eBiacidic Bond Complex\u201c d\u0117ka yra maitinamos plauko \u0161aknys, stiprinamas plauko pluo\u0161tas bei<\/span><span lang=\"lt\"> plaukai apsaugomi nuo oksidacini\u0173 pa\u017eeidim\u0173.\u00a0<\/span><\/p><\/div><div id=\"4710800130180\" class=\"easytabs-container tab-widget-4710800130180 easytabs-inited\" data-et-min-width=\"0\" data-et-auto-accordion=\"0\" data-et-cbw=\"1\" data-et-cbr=\"3\" data-et-sta=\"1\" data-et-amp=\"0\" data-et-flx=\"0\" data-et-wt=\"0\" data-et-ao=\"1\" data-et-tabs-width=\"295\"><div class=\"easytabs-holder easytabs-accordion\"><div class=\"easytabs-contents\"><div class=\"easytabs-content-item easytabs-active\" data-et-marker=\"tabs-nourishing-maitinamoji-hbp-kauke-su-keratinu-ph-4-2\" data-et-handle=\"tabs-kaip-naudoti\"><h5 class=\"easytabs-accordion-item\" tabindex=\"0\" aria-labelledby=\"easytabs-slide-label-4710800130180-0\" aria-selected=\"true\"><a class=\"ui-tabs-anchor js-no-transition\">Kaip naudoti?<\/a><\/h5><div class=\"easytabs-content-holder\" aria-labelledby=\"easytabs-slide-label-4710800130180-0\" aria-expanded=\"true\" aria-hidden=\"false\"><p>U\u017etepkite ant i\u0161plaut\u0173, nusausint\u0173 plauk\u0173 pa\u017eeistose vietose; naudokite \u0161ukas, kad paskirstytum\u0117te priemon\u0119. Laikyti 10\u201315 min. Tada naudokite \u201eNourishing VM\u201c kondicionieri\u0173.<\/p><\/div><\/div><div class=\"easytabs-content-item\" data-et-marker=\"tabs-nourishing-maitinamoji-hbp-kauke-su-keratinu-ph-4-3\" data-et-handle=\"tabs-sudedamosios-dalys\"><h5 class=\"easytabs-accordion-item\" tabindex=\"-1\" aria-labelledby=\"easytabs-slide-label-4710800130180-1\" aria-selected=\"false\"><a class=\"ui-tabs-anchor js-no-transition\">Sudedamosios dalys<\/a><\/h5><p>Atsinaujinusioje Nourishing \u0161eimoje dominuoja augalinis keratinas, ry\u017ei\u0173 baltym\u0173 ir amino r\u016bg\u0161\u010di\u0173 mi\u0161inys, taip pat m\u016bs\u0173 \u201eBiacidic Bond Complex\u201c &#8211; molekuli\u0173 mi\u0161inys, kur\u012f suk\u016br\u0117 \u201eDavines\u201c tyrim\u0173 ir pl\u0117tros laboratorijos. Produktai suteikia nauj\u0105 gyvenim\u0105 pa\u017eeistiems plaukams, u\u017edarant plauko \u017evynelius, suteikiant jiems \u0161velnumo, maitinim\u0105 ir ilgalaik\u012f poveik\u012f.<\/p><p><span class=\"specifics__item\"><span class=\"specifics__container\"><span class=\"specifics__list ingredients\">AQUA \/ WATER \/ EAU, CETYL ALCOHOL, CETEARYL ALCOHOL, BEHENTRIMONIUM CHLORIDE, STEARAMIDOPROPYL DIMETHYLAMINE, GLYCERIN, HYDROGENATED FARNESENE, GLYCERYL STEARATE, CETRIMONIUM CHLORIDE, GLYCINE, PARFUM \/ FRAGRANCE, ISOPROPYL ALCOHOL, BEHENYL ALCOHOL, MALEIC ACID, POLYGLYCERYL-10 PENTASTEARATE, BENZYL ALCOHOL, LYSINE HCL, CITRIC ACID, HYDROLYZED RICE PROTEIN, THIOCTAMIDOETHYL DIMETHYLAMINE MALEATE, DISODIUM EDTA, SODIUM BENZOATE, RETINYL PALMITATE, HELIANTHUS ANNUUS SEED OIL \/ HELIANTHUS ANNUUS (SUNFLOWER) SEED OIL, HEXYL CINNAMAL, LACTIC ACID, LINALOOL.<\/span><\/span><\/span><\/p><\/div><\/div><\/div><\/div>\t\t\t\t\t\t<\/div>\n\t\t\t\t<\/div>\n\t\t\t\t\t<\/div>\n\t\t<\/div>\n\t\t\t\t\t\t\t<\/div>\n\t\t<\/section>\n\t\t\t\t\t\t<\/div>\n\t\t\t\t\t<\/div>\n\t\t","protected":false},"excerpt":{"rendered":"<div class=\"easytabs-text\">\n<p>Maitinanti kauk\u0117 su keratinu skirta ypa\u010d i\u0161saus\u0117jusiems, chemi\u0161kai pa\u017eeistiems, \u0161iurk\u0161tiems plaukams. U\u017edaromi plauko \u017evyneliai, plaukas sumink\u0161tinamas, nustoja l\u016b\u017ein\u0117ti.<\/p>\n<\/div>\n","protected":false},"featured_media":10262,"comment_status":"open","ping_status":"closed","template":"","meta":{"om_disable_all_campaigns":false},"product_brand":[],"product_cat":[44,38],"product_tag":[28,49,71,29],"class_list":{"0":"post-10261","1":"product","2":"type-product","3":"status-publish","4":"has-post-thumbnail","6":"product_cat-mini-produktai","7":"product_cat-plauku-kaukes","8":"product_tag-dazyti-plaukai","9":"product_tag-ploni-plaukai","10":"product_tag-sausi-plaukai","11":"product_tag-siaustis-linke-plaukai","13":"first","14":"instock","15":"shipping-taxable","16":"purchasable","17":"product-type-variable","18":"add-to-wishlist-before_image"},"aioseo_notices":[],"_links":{"self":[{"href":"https:\/\/kasperindre.lt\/index.php?rest_route=\/wp\/v2\/product\/10261","targetHints":{"allow":["GET"]}}],"collection":[{"href":"https:\/\/kasperindre.lt\/index.php?rest_route=\/wp\/v2\/product"}],"about":[{"href":"https:\/\/kasperindre.lt\/index.php?rest_route=\/wp\/v2\/types\/product"}],"replies":[{"embeddable":true,"href":"https:\/\/kasperindre.lt\/index.php?rest_route=%2Fwp%2Fv2%2Fcomments&post=10261"}],"version-history":[{"count":6,"href":"https:\/\/kasperindre.lt\/index.php?rest_route=\/wp\/v2\/product\/10261\/revisions"}],"predecessor-version":[{"id":11097,"href":"https:\/\/kasperindre.lt\/index.php?rest_route=\/wp\/v2\/product\/10261\/revisions\/11097"}],"wp:featuredmedia":[{"embeddable":true,"href":"https:\/\/kasperindre.lt\/index.php?rest_route=\/wp\/v2\/media\/10262"}],"wp:attachment":[{"href":"https:\/\/kasperindre.lt\/index.php?rest_route=%2Fwp%2Fv2%2Fmedia&parent=10261"}],"wp:term":[{"taxonomy":"product_brand","embeddable":true,"href":"https:\/\/kasperindre.lt\/index.php?rest_route=%2Fwp%2Fv2%2Fproduct_brand&post=10261"},{"taxonomy":"product_cat","embeddable":true,"href":"https:\/\/kasperindre.lt\/index.php?rest_route=%2Fwp%2Fv2%2Fproduct_cat&post=10261"},{"taxonomy":"product_tag","embeddable":true,"href":"https:\/\/kasperindre.lt\/index.php?rest_route=%2Fwp%2Fv2%2Fproduct_tag&post=10261"}],"curies":[{"name":"wp","href":"https:\/\/api.w.org\/{rel}","templated":true}]}}