{"id":10252,"date":"2021-08-06T09:42:52","date_gmt":"2021-08-06T09:42:52","guid":{"rendered":"http:\/\/kasperindre.lt\/?post_type=product&#038;p=10252"},"modified":"2024-09-26T16:25:39","modified_gmt":"2024-09-26T16:25:39","slug":"plauku-purskikliai-5","status":"publish","type":"product","link":"https:\/\/kasperindre.lt\/?product=plauku-purskikliai-5","title":{"rendered":"SVIESTAS PLAUKAMS | OI"},"content":{"rendered":"\t\t<div data-elementor-type=\"wp-post\" data-elementor-id=\"10252\" class=\"elementor elementor-10252\" data-elementor-settings=\"[]\">\n\t\t\t\t\t\t\t<div class=\"elementor-section-wrap\">\n\t\t\t\t\t\t\t<section class=\"elementor-section elementor-top-section elementor-element elementor-element-6497de9 elementor-section-boxed elementor-section-height-default elementor-section-height-default qodef-elementor-content-no\" data-id=\"6497de9\" data-element_type=\"section\">\n\t\t\t\t\t\t<div class=\"elementor-container elementor-column-gap-default\">\n\t\t\t\t\t<div class=\"elementor-column elementor-col-100 elementor-top-column elementor-element elementor-element-75d6142\" data-id=\"75d6142\" data-element_type=\"column\">\n\t\t\t<div class=\"elementor-widget-wrap elementor-element-populated\">\n\t\t\t\t\t\t\t\t<div class=\"elementor-element elementor-element-91353d0 elementor-widget elementor-widget-text-editor\" data-id=\"91353d0\" data-element_type=\"widget\" data-widget_type=\"text-editor.default\">\n\t\t\t\t<div class=\"elementor-widget-container\">\n\t\t\t\t\t\t\t<div class=\"easytabs-text\"><p>OI Sviestas plaukams \u2013 tai antioksidantini\u0173 savybi\u0173 turintis maitinamasis sviestas. Kaip ir visa OI kolekcija pasi\u017eymi maloniu, prabangiu aromatu. Suteikia plaukams nepaprast\u0105 mink\u0161tum\u0105, taip pat pary\u0161kina plauko spalvos ry\u0161kum\u0105.<\/p><\/div><div id=\"4707935551620\" class=\"easytabs-container tab-widget-4707935551620 easytabs-inited\" data-et-min-width=\"0\" data-et-auto-accordion=\"0\" data-et-cbw=\"1\" data-et-cbr=\"3\" data-et-sta=\"1\" data-et-amp=\"0\" data-et-flx=\"0\" data-et-wt=\"0\" data-et-ao=\"1\" data-et-tabs-width=\"295\"><div class=\"easytabs-holder easytabs-accordion\"><div class=\"easytabs-contents\"><div class=\"easytabs-content-item easytabs-active\" data-et-marker=\"tabs-oi-sviestas-ph-4-5-2\" data-et-handle=\"tabs-kaip-naudoti\"><h5 class=\"easytabs-accordion-item\" tabindex=\"0\" aria-labelledby=\"easytabs-slide-label-4707935551620-0\" aria-selected=\"true\"><a class=\"ui-tabs-anchor js-no-transition\">Kaip naudoti?<\/a><\/h5><div class=\"easytabs-content-holder\" aria-labelledby=\"easytabs-slide-label-4707935551620-0\" aria-expanded=\"true\" aria-hidden=\"false\"><p>Prie\u0161 naudodami pa\u0161ildykite produkt\u0105 delnuose.<\/p><p>Vidutinio storumo ir storiems plaukams: d\u0117ti produkt\u0105 ant i\u0161plaut\u0173, rank\u0161luos\u010diu nusausint\u0173 plauk\u0173. Palikite 5\u201310 min., per\u0161ukuokite ir nuskalaukite.<\/p><p>Vidutinio storumo ir ploniems plaukams: tepkite produkt\u0105 ant saus\u0173 plauk\u0173, palikite 10 min., tada i\u0161plaukite \u0161amp\u016bnu ir kondicionieriumi.<\/p><p>Plaukui papildomai primaitinti: tepkite ir prie\u0161 plaudami, ir po to.<\/p><\/div><\/div><div class=\"easytabs-content-item\" data-et-marker=\"tabs-oi-sviestas-ph-4-5-3\" data-et-handle=\"tabs-sudedamosios-dalys\"><h5 class=\"easytabs-accordion-item\" tabindex=\"-1\" aria-labelledby=\"easytabs-slide-label-4707935551620-1\" aria-selected=\"false\"><a class=\"ui-tabs-anchor js-no-transition\">Sudedamosios dalys<\/a><\/h5><p>Visuose OI linijos produktuose yra aliejaus, i\u0161gauto i\u0161 Roucou, augalo, kilusio i\u0161 Amazon\u0117s. Jame gausu beta-karotino (100 kart\u0173 daugiau nei morkose),\u00a0jis atgaivina plauko strukt\u016br\u0105 ir skatina j\u0173 augim\u0105.<\/p><p><span class=\"specifics__item\"><span class=\"specifics__container\"><span class=\"specifics__list ingredients\">AQUA \/ WATER \/ EAU, CETEARYL ALCOHOL, CETYL ALCOHOL, BEHENTRIMONIUM CHLORIDE, GLYCERIN, DIMETHICONE, CETRIMONIUM CHLORIDE, BEHENTRIMONIUM METHOSULFATE, BEHENYL ALCOHOL, POLYGLYCERYL-10 PENTASTEARATE, GLYCERYL STEARATE, QUATERNIUM-87, PARFUM \/ FRAGRANCE, ISOPROPYL ALCOHOL, BENZYL ALCOHOL, SIMMONDSIA CHINENSIS SEED OIL \/ SIMMONDSIA CHINENSIS (JOJOBA) SEED OIL, C15-19 ALKANE, DIMETHICONOL, SILICONE QUATERNIUM-22, SODIUM BENZOATE, STEARAMIDOPROPYL DIMETHYLAMINE, DISODIUM EDTA, ORYZA SATIVA CERA \/ ORYZA SATIVA (RICE) BRAN WAX, DIPROPYLENE GLYCOL, POLYGLYCERYL-3 CAPRATE, CITRIC ACID, POLYGLYCERYL-3 POLYRICINOLEATE, SORBITAN ISOSTEARATE, COCAMIDOPROPYL BETAINE, LACTIC ACID, TOCOPHEROL, CITRONELLOL, GERANIOL, PALMITAMIDOPROPYLTRIMONIUM CHLORIDE, PROPYLENE GLYCOL, BIXA ORELLANA SEED OIL.<\/span><\/span><\/span><\/p><\/div><\/div><\/div><\/div>\t\t\t\t\t\t<\/div>\n\t\t\t\t<\/div>\n\t\t\t\t\t<\/div>\n\t\t<\/div>\n\t\t\t\t\t\t\t<\/div>\n\t\t<\/section>\n\t\t\t\t\t\t<\/div>\n\t\t\t\t\t<\/div>\n\t\t","protected":false},"excerpt":{"rendered":"<div class=\"easytabs-text\">\n<p>OI Sviestas plaukams \u2013 tai antioksidantini\u0173 savybi\u0173 turintis maitinamasis sviestas. Kaip ir visa OI kolekcija pasi\u017eymi maloniu, prabangiu aromatu. Suteikia plaukams nepaprast\u0105 mink\u0161tum\u0105, taip pat pary\u0161kina plauko spalvos ry\u0161kum\u0105.<\/p>\n<\/div>\n<div id=\"4707935551620\" class=\"easytabs-container tab-widget-4707935551620 easytabs-inited\" data-et-min-width=\"0\" data-et-auto-accordion=\"0\" data-et-cbw=\"1\" data-et-cbr=\"3\" data-et-sta=\"1\" data-et-amp=\"0\" data-et-flx=\"0\" data-et-wt=\"0\" data-et-ao=\"1\" data-et-tabs-width=\"295\">\n<div class=\"easytabs-holder easytabs-accordion\">\n<div class=\"easytabs-contents\">\n<div class=\"easytabs-content-item easytabs-active\" data-et-marker=\"tabs-oi-sviestas-ph-4-5-2\" data-et-handle=\"tabs-kaip-naudoti\"><\/div>\n<\/div>\n<\/div>\n<\/div>\n","protected":false},"featured_media":10253,"comment_status":"open","ping_status":"closed","template":"","meta":{"om_disable_all_campaigns":false},"product_brand":[],"product_cat":[44,38],"product_tag":[28,68,49],"class_list":{"0":"post-10252","1":"product","2":"type-product","3":"status-publish","4":"has-post-thumbnail","6":"product_cat-mini-produktai","7":"product_cat-plauku-kaukes","8":"product_tag-dazyti-plaukai","9":"product_tag-normalus-plaukai","10":"product_tag-ploni-plaukai","12":"first","13":"instock","14":"shipping-taxable","15":"purchasable","16":"product-type-variable","17":"add-to-wishlist-before_image"},"aioseo_notices":[],"_links":{"self":[{"href":"https:\/\/kasperindre.lt\/index.php?rest_route=\/wp\/v2\/product\/10252","targetHints":{"allow":["GET"]}}],"collection":[{"href":"https:\/\/kasperindre.lt\/index.php?rest_route=\/wp\/v2\/product"}],"about":[{"href":"https:\/\/kasperindre.lt\/index.php?rest_route=\/wp\/v2\/types\/product"}],"replies":[{"embeddable":true,"href":"https:\/\/kasperindre.lt\/index.php?rest_route=%2Fwp%2Fv2%2Fcomments&post=10252"}],"version-history":[{"count":5,"href":"https:\/\/kasperindre.lt\/index.php?rest_route=\/wp\/v2\/product\/10252\/revisions"}],"predecessor-version":[{"id":11096,"href":"https:\/\/kasperindre.lt\/index.php?rest_route=\/wp\/v2\/product\/10252\/revisions\/11096"}],"wp:featuredmedia":[{"embeddable":true,"href":"https:\/\/kasperindre.lt\/index.php?rest_route=\/wp\/v2\/media\/10253"}],"wp:attachment":[{"href":"https:\/\/kasperindre.lt\/index.php?rest_route=%2Fwp%2Fv2%2Fmedia&parent=10252"}],"wp:term":[{"taxonomy":"product_brand","embeddable":true,"href":"https:\/\/kasperindre.lt\/index.php?rest_route=%2Fwp%2Fv2%2Fproduct_brand&post=10252"},{"taxonomy":"product_cat","embeddable":true,"href":"https:\/\/kasperindre.lt\/index.php?rest_route=%2Fwp%2Fv2%2Fproduct_cat&post=10252"},{"taxonomy":"product_tag","embeddable":true,"href":"https:\/\/kasperindre.lt\/index.php?rest_route=%2Fwp%2Fv2%2Fproduct_tag&post=10252"}],"curies":[{"name":"wp","href":"https:\/\/api.w.org\/{rel}","templated":true}]}}