{"id":10246,"date":"2021-08-06T09:33:09","date_gmt":"2021-08-06T09:33:09","guid":{"rendered":"http:\/\/kasperindre.lt\/?post_type=product&#038;p=10246"},"modified":"2024-09-26T16:22:40","modified_gmt":"2024-09-26T16:22:40","slug":"purskiamas-kondicionierius-ploniems-plaukams-ph-4-1-dede","status":"publish","type":"product","link":"https:\/\/kasperindre.lt\/?product=purskiamas-kondicionierius-ploniems-plaukams-ph-4-1-dede","title":{"rendered":"PUR\u0160KIAMAS KONDICIONIERIUS PLONIEMS PLAUKAMS PH: 4.1 | DEDE"},"content":{"rendered":"\t\t<div data-elementor-type=\"wp-post\" data-elementor-id=\"10246\" class=\"elementor elementor-10246\" data-elementor-settings=\"[]\">\n\t\t\t\t\t\t\t<div class=\"elementor-section-wrap\">\n\t\t\t\t\t\t\t<section class=\"elementor-section elementor-top-section elementor-element elementor-element-d5d257c elementor-section-boxed elementor-section-height-default elementor-section-height-default qodef-elementor-content-no\" data-id=\"d5d257c\" data-element_type=\"section\">\n\t\t\t\t\t\t<div class=\"elementor-container elementor-column-gap-default\">\n\t\t\t\t\t<div class=\"elementor-column elementor-col-100 elementor-top-column elementor-element elementor-element-57d5bee\" data-id=\"57d5bee\" data-element_type=\"column\">\n\t\t\t<div class=\"elementor-widget-wrap elementor-element-populated\">\n\t\t\t\t\t\t\t\t<div class=\"elementor-element elementor-element-d32708a elementor-widget elementor-widget-text-editor\" data-id=\"d32708a\" data-element_type=\"widget\" data-widget_type=\"text-editor.default\">\n\t\t\t\t<div class=\"elementor-widget-container\">\n\t\t\t\t\t\t\t<div class=\"easytabs-text\"><p>\u0160velnaus poveikio, pur\u0161kiamas, nenuplaunamas kondicionierius ploniems plaukams. Idealiai tinkamas naudoti kaip kirpimo losjonas arba poringumui i\u0161lyginti prie\u0161 tokias proced\u016bras kaip su\u0161ukavimas, tiesinimas, da\u017eymas. Jis dr\u0117kina ir mineralizuoja vis\u0173 tip\u0173 plaukus, j\u0173 neapsunkindamas. Idealiai tinka da\u017enam, kasdieniam naudojimui.<\/p><\/div><div id=\"4713325854852\" class=\"easytabs-container tab-widget-4713325854852 easytabs-inited\" data-et-min-width=\"0\" data-et-auto-accordion=\"0\" data-et-cbw=\"1\" data-et-cbr=\"3\" data-et-sta=\"1\" data-et-amp=\"0\" data-et-flx=\"0\" data-et-wt=\"0\" data-et-ao=\"1\" data-et-tabs-width=\"295\"><div class=\"easytabs-holder easytabs-accordion\"><div class=\"easytabs-contents\"><div class=\"easytabs-content-item easytabs-active\" data-et-marker=\"tabs-dede-purskiamas-kondicionierius-ph-4-1-2\" data-et-handle=\"tabs-kaip-naudoti\"><h5 class=\"easytabs-accordion-item\" tabindex=\"0\" aria-labelledby=\"easytabs-slide-label-4713325854852-0\" aria-selected=\"true\"><a class=\"ui-tabs-anchor js-no-transition\">Kaip naudoti?<\/a><\/h5><div class=\"easytabs-content-holder\" aria-labelledby=\"easytabs-slide-label-4713325854852-0\" aria-expanded=\"true\" aria-hidden=\"false\"><p id=\"tw-target-text\" class=\"tw-data-text tw-text-large XcVN5d tw-ta\" dir=\"ltr\" data-placeholder=\"Vertimas\" data-pid=\"MQnIt\">U\u017epurk\u0161kite ant \u0161amp\u016bnu i\u0161plaut\u0173 ir rank\u0161luos\u010diu nusausint\u0173 plauk\u0173. Tada formuokite norim\u0105 stili\u0173.<\/p><\/div><\/div><div class=\"easytabs-content-item\" data-et-marker=\"tabs-dede-purskiamas-kondicionierius-ph-4-1-3\" data-et-handle=\"tabs-sudedamosios-dalys\"><h5 class=\"easytabs-accordion-item\" tabindex=\"-1\" aria-labelledby=\"easytabs-slide-label-4713325854852-1\" aria-selected=\"false\"><a class=\"ui-tabs-anchor js-no-transition\">Sudedamosios dalys<\/a><\/h5><p class=\"tw-data-text tw-text-large XcVN5d tw-ta\" dir=\"ltr\" data-placeholder=\"Vertimas\" data-pid=\"qbuEa\">Su Orbassano raudon\u0173j\u0173 salier\u0173 ekstraktu, i\u0161 l\u0117to maisto prezidiumo. Gausu mineralini\u0173 drusk\u0173, tod\u0117l jis turi mineralizuojant\u012f poveik\u012f.<\/p><p><span class=\"specifics__item\"><span class=\"specifics__container\"><span class=\"specifics__list ingredients\">AQUA \/ WATER \/ EAU, AMODIMETHICONE, BENZYL ALCOHOL, POLYSORBATE 20, PARFUM \/ FRAGRANCE, SODIUM BENZOATE, POLYQUATERNIUM-11, PANTHENOL, CETRIMONIUM CHLORIDE, CITRIC ACID, TRIDECETH-12, APIUM GRAVEOLENS EXTRACT \/ APIUM GRAVEOLENS (CELERYL) EXTRACT, CYCLOPENTASILOXANE, HYDROLYZED SWEET ALMOND PROTEIN, BENZYL SALICYLATE, LINALOOL, CITRONELLOL, HYDROXYCITRONELLAL, PHENOXYETHANOL, CAPRYLYL GLYCOL, LIMONENE, CI 19140 \/ YELLOW 5, CI 14700 \/ RED 4.<\/span><\/span><\/span><\/p><\/div><\/div><\/div><\/div>\t\t\t\t\t\t<\/div>\n\t\t\t\t<\/div>\n\t\t\t\t\t<\/div>\n\t\t<\/div>\n\t\t\t\t\t\t\t<\/div>\n\t\t<\/section>\n\t\t\t\t\t\t<\/div>\n\t\t\t\t\t<\/div>\n\t\t","protected":false},"excerpt":{"rendered":"<div class=\"easytabs-text\">\n<p>\u0160velnaus poveikio, pur\u0161kiamas, nenuplaunamas kondicionierius ploniems plaukams. Idealiai tinkamas naudoti kaip kirpimo losjonas arba poringumui i\u0161lyginti prie\u0161 tokias proced\u016bras kaip su\u0161ukavimas, tiesinimas, da\u017eymas.<\/p>\n<\/div>\n","protected":false},"featured_media":10247,"comment_status":"open","ping_status":"closed","template":"","meta":{"om_disable_all_campaigns":false},"product_brand":[],"product_cat":[44,30,39],"product_tag":[68,49],"class_list":{"0":"post-10246","1":"product","2":"type-product","3":"status-publish","4":"has-post-thumbnail","6":"product_cat-mini-produktai","7":"product_cat-kondicionieriai","8":"product_cat-plauku-lakai-ir-purskikliai","9":"product_tag-normalus-plaukai","10":"product_tag-ploni-plaukai","12":"first","13":"instock","14":"shipping-taxable","15":"purchasable","16":"product-type-simple","17":"add-to-wishlist-before_image"},"aioseo_notices":[],"_links":{"self":[{"href":"https:\/\/kasperindre.lt\/index.php?rest_route=\/wp\/v2\/product\/10246","targetHints":{"allow":["GET"]}}],"collection":[{"href":"https:\/\/kasperindre.lt\/index.php?rest_route=\/wp\/v2\/product"}],"about":[{"href":"https:\/\/kasperindre.lt\/index.php?rest_route=\/wp\/v2\/types\/product"}],"replies":[{"embeddable":true,"href":"https:\/\/kasperindre.lt\/index.php?rest_route=%2Fwp%2Fv2%2Fcomments&post=10246"}],"version-history":[{"count":6,"href":"https:\/\/kasperindre.lt\/index.php?rest_route=\/wp\/v2\/product\/10246\/revisions"}],"predecessor-version":[{"id":11073,"href":"https:\/\/kasperindre.lt\/index.php?rest_route=\/wp\/v2\/product\/10246\/revisions\/11073"}],"wp:featuredmedia":[{"embeddable":true,"href":"https:\/\/kasperindre.lt\/index.php?rest_route=\/wp\/v2\/media\/10247"}],"wp:attachment":[{"href":"https:\/\/kasperindre.lt\/index.php?rest_route=%2Fwp%2Fv2%2Fmedia&parent=10246"}],"wp:term":[{"taxonomy":"product_brand","embeddable":true,"href":"https:\/\/kasperindre.lt\/index.php?rest_route=%2Fwp%2Fv2%2Fproduct_brand&post=10246"},{"taxonomy":"product_cat","embeddable":true,"href":"https:\/\/kasperindre.lt\/index.php?rest_route=%2Fwp%2Fv2%2Fproduct_cat&post=10246"},{"taxonomy":"product_tag","embeddable":true,"href":"https:\/\/kasperindre.lt\/index.php?rest_route=%2Fwp%2Fv2%2Fproduct_tag&post=10246"}],"curies":[{"name":"wp","href":"https:\/\/api.w.org\/{rel}","templated":true}]}}