{"id":10240,"date":"2021-08-06T09:27:51","date_gmt":"2021-08-06T09:27:51","guid":{"rendered":"http:\/\/kasperindre.lt\/?post_type=product&#038;p=10240"},"modified":"2024-09-26T19:19:52","modified_gmt":"2024-09-26T19:19:52","slug":"plauku-purskikliai-4","status":"publish","type":"product","link":"https:\/\/kasperindre.lt\/?product=plauku-purskikliai-4","title":{"rendered":"APSAUGINIS SKYSTIS PLAUKAMS PH: 4 | MELU"},"content":{"rendered":"\t\t<div data-elementor-type=\"wp-post\" data-elementor-id=\"10240\" class=\"elementor elementor-10240\" data-elementor-settings=\"[]\">\n\t\t\t\t\t\t\t<div class=\"elementor-section-wrap\">\n\t\t\t\t\t\t\t<section class=\"elementor-section elementor-top-section elementor-element elementor-element-38d0890 elementor-section-boxed elementor-section-height-default elementor-section-height-default qodef-elementor-content-no\" data-id=\"38d0890\" data-element_type=\"section\">\n\t\t\t\t\t\t<div class=\"elementor-container elementor-column-gap-default\">\n\t\t\t\t\t<div class=\"elementor-column elementor-col-100 elementor-top-column elementor-element elementor-element-2e42922\" data-id=\"2e42922\" data-element_type=\"column\">\n\t\t\t<div class=\"elementor-widget-wrap elementor-element-populated\">\n\t\t\t\t\t\t\t\t<div class=\"elementor-element elementor-element-5ce75a9 elementor-widget elementor-widget-text-editor\" data-id=\"5ce75a9\" data-element_type=\"widget\" data-widget_type=\"text-editor.default\">\n\t\t\t\t<div class=\"elementor-widget-container\">\n\t\t\t\t\t\t\t<div class=\"easytabs-text\"><p>Skystis plaukams idealiai tinka apsaugoti vis\u0173 tip\u0173 plaukus nuo \u012ftampos, kar\u0161\u010dio, kur\u012f sukelia tiesintuvas ar d\u017eiovintuvas. \u201eMelu\u201c pur\u0161kiklis efektyviai apsaugo plaukus nuo kar\u0161\u010dio.<\/p><\/div><div id=\"4713313697924\" class=\"easytabs-container tab-widget-4713313697924 easytabs-inited\" data-et-min-width=\"0\" data-et-auto-accordion=\"0\" data-et-cbw=\"1\" data-et-cbr=\"3\" data-et-sta=\"1\" data-et-amp=\"0\" data-et-flx=\"0\" data-et-wt=\"0\" data-et-ao=\"1\" data-et-tabs-width=\"295\"><div class=\"easytabs-holder easytabs-accordion\"><div class=\"easytabs-contents\"><div class=\"easytabs-content-item easytabs-active\" data-et-marker=\"tabs-melu-apsauginis-skystis-plaukams-ph-4-2\" data-et-handle=\"tabs-kaip-naudoti\"><h5 class=\"easytabs-accordion-item\" tabindex=\"0\" aria-labelledby=\"easytabs-slide-label-4713313697924-0\" aria-selected=\"true\"><a class=\"ui-tabs-anchor js-no-transition\">Kaip naudoti?<\/a><\/h5><div class=\"easytabs-content-holder\" aria-labelledby=\"easytabs-slide-label-4713313697924-0\" aria-expanded=\"true\" aria-hidden=\"false\"><p>Pur\u0161kite priemon\u0119 prie\u0161 naudodami tiesintuv\u0105 ar d\u017eiovintuv\u0105. Tolygiai padenkite skys\u010diu dr\u0117gnus ar sausus plaukus.<\/p><\/div><\/div><div class=\"easytabs-content-item\" data-et-marker=\"tabs-melu-apsauginis-skystis-plaukams-ph-4-3\" data-et-handle=\"tabs-sudedamosios-dalys\"><h5 class=\"easytabs-accordion-item\" tabindex=\"-1\" aria-labelledby=\"easytabs-slide-label-4713313697924-1\" aria-selected=\"false\"><a class=\"ui-tabs-anchor js-no-transition\">Sudedamosios dalys<\/a><\/h5><p>Su Villalba l\u0119\u0161i\u0173 s\u0117kl\u0173 ekstraktu, i\u0161 &#8221; L\u0117to maisto prezidiumo&#8221;. Formul\u0117 turtinga serino ir glutamin\u0117s r\u016bg\u0161ties, gausiausiai aminor\u016bg\u0161\u010di\u0173, esan\u010di\u0173 keratine, tod\u0117l plaukai yra pamaitinti ir atstatoma pa\u017eeisto plauko strukt\u016bra.<\/p><p>AQUA \/ WATER \/ EAU, ALCOHOL DENAT., PROPANEDIOL, SILICONE QUATERNIUM-8,PEG-12 DIMETHICONE, SODIUM LANETH-40 MALEATE\/STYRENE SULFONATE COPOLYMER, BENZYL ALCOHOL, BUTETH-3, PARFUM \/ FRAGRANCE, SODIUM BENZOATE, DISODIUM EDTA, SODIUM BENZOTRIAZOLYL BUTYLPHENOL SULFONATE, CITRIC ACID, PHENOXYETHANOL, LINALOOL, ALCOHOL, LENS ESCULENTA SEED EXTRACT \/ LENS ESCULENTA (LENTIL) SEED EXTRACT, HEXYL CINNAMAL, TRIS(TETRAMETHYLHYDROXYPIPERIDINOL) CITRATE, POTASSIUM SORBATE, TRIBUTYL CITRATE, GERANIOL, LIMONENE, CI 61570 \/ GREEN 5, CI 19140 \/ YELLOW 5.<\/p><\/div><\/div><\/div><\/div>\t\t\t\t\t\t<\/div>\n\t\t\t\t<\/div>\n\t\t\t\t\t<\/div>\n\t\t<\/div>\n\t\t\t\t\t\t\t<\/div>\n\t\t<\/section>\n\t\t\t\t\t\t<\/div>\n\t\t\t\t\t<\/div>\n\t\t","protected":false},"excerpt":{"rendered":"<div class=\"easytabs-text\">\n<p>Skystis plaukams idealiai tinka apsaugoti vis\u0173 tip\u0173 plaukus nuo \u012ftampos, kar\u0161\u010dio, kur\u012f sukelia tiesintuvas ar d\u017eiovintuvas. \u201eMelu\u201c pur\u0161kiklis efektyviai apsaugo plaukus nuo kar\u0161\u010dio.<\/p>\n<\/div>\n","protected":false},"featured_media":10241,"comment_status":"open","ping_status":"closed","template":"","meta":{"om_disable_all_campaigns":false},"product_brand":[],"product_cat":[80],"product_tag":[28,33,68,49,47],"class_list":{"0":"post-10240","1":"product","2":"type-product","3":"status-publish","4":"has-post-thumbnail","6":"product_cat-apsauga-nuo-karscio","7":"product_tag-dazyti-plaukai","8":"product_tag-garbanoti-plaukai","9":"product_tag-normalus-plaukai","10":"product_tag-ploni-plaukai","11":"product_tag-slenkantys-plaukai","13":"first","14":"instock","15":"shipping-taxable","16":"purchasable","17":"product-type-simple","18":"add-to-wishlist-before_image"},"aioseo_notices":[],"_links":{"self":[{"href":"https:\/\/kasperindre.lt\/index.php?rest_route=\/wp\/v2\/product\/10240","targetHints":{"allow":["GET"]}}],"collection":[{"href":"https:\/\/kasperindre.lt\/index.php?rest_route=\/wp\/v2\/product"}],"about":[{"href":"https:\/\/kasperindre.lt\/index.php?rest_route=\/wp\/v2\/types\/product"}],"replies":[{"embeddable":true,"href":"https:\/\/kasperindre.lt\/index.php?rest_route=%2Fwp%2Fv2%2Fcomments&post=10240"}],"version-history":[{"count":6,"href":"https:\/\/kasperindre.lt\/index.php?rest_route=\/wp\/v2\/product\/10240\/revisions"}],"predecessor-version":[{"id":11095,"href":"https:\/\/kasperindre.lt\/index.php?rest_route=\/wp\/v2\/product\/10240\/revisions\/11095"}],"wp:featuredmedia":[{"embeddable":true,"href":"https:\/\/kasperindre.lt\/index.php?rest_route=\/wp\/v2\/media\/10241"}],"wp:attachment":[{"href":"https:\/\/kasperindre.lt\/index.php?rest_route=%2Fwp%2Fv2%2Fmedia&parent=10240"}],"wp:term":[{"taxonomy":"product_brand","embeddable":true,"href":"https:\/\/kasperindre.lt\/index.php?rest_route=%2Fwp%2Fv2%2Fproduct_brand&post=10240"},{"taxonomy":"product_cat","embeddable":true,"href":"https:\/\/kasperindre.lt\/index.php?rest_route=%2Fwp%2Fv2%2Fproduct_cat&post=10240"},{"taxonomy":"product_tag","embeddable":true,"href":"https:\/\/kasperindre.lt\/index.php?rest_route=%2Fwp%2Fv2%2Fproduct_tag&post=10240"}],"curies":[{"name":"wp","href":"https:\/\/api.w.org\/{rel}","templated":true}]}}