{"id":10232,"date":"2021-08-06T09:23:59","date_gmt":"2021-08-06T09:23:59","guid":{"rendered":"http:\/\/kasperindre.lt\/?post_type=product&#038;p=10232"},"modified":"2024-09-26T16:20:25","modified_gmt":"2024-09-26T16:20:25","slug":"plauku-purskikliai-3","status":"publish","type":"product","link":"https:\/\/kasperindre.lt\/?product=plauku-purskikliai-3","title":{"rendered":"GAIVINANTIS GARBAN\u0172 PUR\u0160KIKLIS PH: 6 | LOVE CURL"},"content":{"rendered":"\t\t<div data-elementor-type=\"wp-post\" data-elementor-id=\"10232\" class=\"elementor elementor-10232\" data-elementor-settings=\"[]\">\n\t\t\t\t\t\t\t<div class=\"elementor-section-wrap\">\n\t\t\t\t\t\t\t<section class=\"elementor-section elementor-top-section elementor-element elementor-element-30d1544 elementor-section-boxed elementor-section-height-default elementor-section-height-default qodef-elementor-content-no\" data-id=\"30d1544\" data-element_type=\"section\">\n\t\t\t\t\t\t<div class=\"elementor-container elementor-column-gap-default\">\n\t\t\t\t\t<div class=\"elementor-column elementor-col-100 elementor-top-column elementor-element elementor-element-ebd3ffe\" data-id=\"ebd3ffe\" data-element_type=\"column\">\n\t\t\t<div class=\"elementor-widget-wrap elementor-element-populated\">\n\t\t\t\t\t\t\t\t<div class=\"elementor-element elementor-element-6eb7a96 elementor-widget elementor-widget-text-editor\" data-id=\"6eb7a96\" data-element_type=\"widget\" data-widget_type=\"text-editor.default\">\n\t\t\t\t<div class=\"elementor-widget-container\">\n\t\t\t\t\t\t\t<div class=\"easytabs-text\"><p>Tarp plovim\u0173 suteikia garbanotiems plaukams elastingumo, gyvybingumo, kontroliuoja garban\u0173 efekt\u0105, neleid\u017eia joms veltis, dr\u0117kina bei maitina. Did\u017eiausias \u0161ios priemon\u0117s privalumas yra tas, kad ji apsaugo nuo plauk\u0173 pasi\u0161iau\u0161imo tarp plovim\u0173.<\/p><\/div><div id=\"4713254518916\" class=\"easytabs-container tab-widget-4713254518916 easytabs-inited\" data-et-min-width=\"0\" data-et-auto-accordion=\"0\" data-et-cbw=\"1\" data-et-cbr=\"3\" data-et-sta=\"1\" data-et-amp=\"0\" data-et-flx=\"0\" data-et-wt=\"0\" data-et-ao=\"1\" data-et-tabs-width=\"295\"><div class=\"easytabs-holder easytabs-accordion\"><div class=\"easytabs-contents\"><div class=\"easytabs-content-item easytabs-active\" data-et-marker=\"tabs-love-curl-revitalizer-gaivinanamasis-garbanu-purskiklis-ph-6-2\" data-et-handle=\"tabs-kaip-naudoti\"><h5 class=\"easytabs-accordion-item\" tabindex=\"0\" aria-labelledby=\"easytabs-slide-label-4713254518916-0\" aria-selected=\"true\"><a class=\"ui-tabs-anchor js-no-transition\">Kaip naudoti?<\/a><\/h5><div class=\"easytabs-content-holder\" aria-labelledby=\"easytabs-slide-label-4713254518916-0\" aria-expanded=\"true\" aria-hidden=\"false\"><p>Purk\u0161kite ant saus\u0173 plauk\u0173 laikantis 10\u201320 cm atstumo. NENUSKALAUKITE.<\/p><\/div><\/div><div class=\"easytabs-content-item\" data-et-marker=\"tabs-love-curl-revitalizer-gaivinanamasis-garbanu-purskiklis-ph-6-3\" data-et-handle=\"tabs-sudedamosios-dalys\"><h5 class=\"easytabs-accordion-item\" tabindex=\"-1\" aria-labelledby=\"easytabs-slide-label-4713254518916-1\" aria-selected=\"false\"><a class=\"ui-tabs-anchor js-no-transition\">Sudedamosios dalys<\/a><\/h5><p>Su dar efektyvesniu \u201eNoto\u201c migdol\u0173 ekstraktu i\u0161 \u201eSlow Food Presidium\u201c. Linija turtinga\u00a0 baltym\u0173, B grup\u0117s vitamin\u0173, vitamino E, neso\u010di\u0173j\u0173 riebal\u0173, magnio, gele\u017eies, kalio, vario ir fosforo.<\/p><p>AQUA \/ WATER \/ EAU, ALCOHOL DENAT., GLYCERIN, POLYSORBATE 20, VP\/VA COPOLYMER, POLYQUATERNIUM-69, PARFUM \/ FRAGRANCE, POLYQUATERNIUM-11, DISODIUM EDTA, PRUNUS AMYGDALUS DULCIS SEED EXTRACT \/ PRUNUS AMYGDALUS DULCIS (SWEET ALMOND) SEED EXTRACT, LIMONENE, CITRIC ACID.<\/p><\/div><\/div><\/div><\/div>\t\t\t\t\t\t<\/div>\n\t\t\t\t<\/div>\n\t\t\t\t\t<\/div>\n\t\t<\/div>\n\t\t\t\t\t\t\t<\/div>\n\t\t<\/section>\n\t\t\t\t\t\t<\/div>\n\t\t\t\t\t<\/div>\n\t\t","protected":false},"excerpt":{"rendered":"<div class=\"easytabs-text\">\n<p>Tarp plovim\u0173 suteikia garbanotiems plaukams elastingumo, gyvybingumo, kontroliuoja garban\u0173 efekt\u0105, neleid\u017eia joms veltis, dr\u0117kina bei maitina. Did\u017eiausias \u0161ios priemon\u0117s privalumas yra tas, kad ji apsaugo nuo plauk\u0173 pasi\u0161iau\u0161imo tarp plovim\u0173.<\/p>\n<\/div>\n","protected":false},"featured_media":10233,"comment_status":"open","ping_status":"closed","template":"","meta":{"om_disable_all_campaigns":false},"product_brand":[],"product_cat":[44,39],"product_tag":[33,29],"class_list":{"0":"post-10232","1":"product","2":"type-product","3":"status-publish","4":"has-post-thumbnail","6":"product_cat-mini-produktai","7":"product_cat-plauku-lakai-ir-purskikliai","8":"product_tag-garbanoti-plaukai","9":"product_tag-siaustis-linke-plaukai","11":"first","12":"instock","13":"shipping-taxable","14":"purchasable","15":"product-type-variable","16":"add-to-wishlist-before_image"},"aioseo_notices":[],"_links":{"self":[{"href":"https:\/\/kasperindre.lt\/index.php?rest_route=\/wp\/v2\/product\/10232","targetHints":{"allow":["GET"]}}],"collection":[{"href":"https:\/\/kasperindre.lt\/index.php?rest_route=\/wp\/v2\/product"}],"about":[{"href":"https:\/\/kasperindre.lt\/index.php?rest_route=\/wp\/v2\/types\/product"}],"replies":[{"embeddable":true,"href":"https:\/\/kasperindre.lt\/index.php?rest_route=%2Fwp%2Fv2%2Fcomments&post=10232"}],"version-history":[{"count":6,"href":"https:\/\/kasperindre.lt\/index.php?rest_route=\/wp\/v2\/product\/10232\/revisions"}],"predecessor-version":[{"id":11094,"href":"https:\/\/kasperindre.lt\/index.php?rest_route=\/wp\/v2\/product\/10232\/revisions\/11094"}],"wp:featuredmedia":[{"embeddable":true,"href":"https:\/\/kasperindre.lt\/index.php?rest_route=\/wp\/v2\/media\/10233"}],"wp:attachment":[{"href":"https:\/\/kasperindre.lt\/index.php?rest_route=%2Fwp%2Fv2%2Fmedia&parent=10232"}],"wp:term":[{"taxonomy":"product_brand","embeddable":true,"href":"https:\/\/kasperindre.lt\/index.php?rest_route=%2Fwp%2Fv2%2Fproduct_brand&post=10232"},{"taxonomy":"product_cat","embeddable":true,"href":"https:\/\/kasperindre.lt\/index.php?rest_route=%2Fwp%2Fv2%2Fproduct_cat&post=10232"},{"taxonomy":"product_tag","embeddable":true,"href":"https:\/\/kasperindre.lt\/index.php?rest_route=%2Fwp%2Fv2%2Fproduct_tag&post=10232"}],"curies":[{"name":"wp","href":"https:\/\/api.w.org\/{rel}","templated":true}]}}