{"id":10193,"date":"2021-08-05T14:10:59","date_gmt":"2021-08-05T14:10:59","guid":{"rendered":"http:\/\/kasperindre.lt\/?post_type=product&#038;p=10193"},"modified":"2024-09-26T16:12:07","modified_gmt":"2024-09-26T16:12:07","slug":"plauku-aliejukai-peneliai","status":"publish","type":"product","link":"https:\/\/kasperindre.lt\/?product=plauku-aliejukai-peneliai","title":{"rendered":"ALIEJUS PLAUKAMS OI"},"content":{"rendered":"\t\t<div data-elementor-type=\"wp-post\" data-elementor-id=\"10193\" class=\"elementor elementor-10193\" data-elementor-settings=\"[]\">\n\t\t\t\t\t\t\t<div class=\"elementor-section-wrap\">\n\t\t\t\t\t\t\t<section class=\"elementor-section elementor-top-section elementor-element elementor-element-c303478 elementor-section-boxed elementor-section-height-default elementor-section-height-default qodef-elementor-content-no\" data-id=\"c303478\" data-element_type=\"section\">\n\t\t\t\t\t\t<div class=\"elementor-container elementor-column-gap-default\">\n\t\t\t\t\t<div class=\"elementor-column elementor-col-100 elementor-top-column elementor-element elementor-element-2120c29\" data-id=\"2120c29\" data-element_type=\"column\">\n\t\t\t<div class=\"elementor-widget-wrap elementor-element-populated\">\n\t\t\t\t\t\t\t\t<div class=\"elementor-element elementor-element-cd60805 elementor-widget elementor-widget-text-editor\" data-id=\"cd60805\" data-element_type=\"widget\" data-widget_type=\"text-editor.default\">\n\t\t\t\t<div class=\"elementor-widget-container\">\n\t\t\t\t\t\t\t<p>Panaudojus plauk\u0173 aliej\u0173, plaukai ima ypa\u010d \u017evilg\u0117ti, tampa mink\u0161ti, lengvai i\u0161\u0161ukuojami ir formuojami, nesigarbanoja. Aliejus taip pat apsaugo plaukus nuo oksidant\u0173 ir laisv\u0173j\u0173 radikal\u0173. Jis gydo, maitina, apsaugo ir sutrumpina plauk\u0173 d\u017eiovinimo laik\u0105 suteikdamas ypatingai nat\u016bralaus blizgesio.<\/p><div class=\"easytabs-content-item easytabs-active\" data-et-marker=\"tabs-oi-aliejus-2\" data-et-handle=\"tabs-kaip-naudoti\"><h5 class=\"easytabs-accordion-item\" tabindex=\"0\" aria-labelledby=\"easytabs-slide-label-4707937321092-0\" aria-selected=\"true\"><a class=\"ui-tabs-anchor js-no-transition\">Kaip naudoti?<\/a><\/h5><div class=\"easytabs-content-holder\" aria-labelledby=\"easytabs-slide-label-4707937321092-0\" aria-expanded=\"true\" aria-hidden=\"false\"><p>Nor\u0117dami, kad plaukai nesigarbanot\u0173, tolygiai paskirstykite 2\u20133 kartus i\u0161spaust\u0105 aliej\u0173 ant dr\u0117gn\u0173 plauk\u0173 (ant plauko ir jo galiuk\u0173), leiskite jiems i\u0161d\u017ei\u016bti.\u00a0Kad plaukai \u017evilg\u0117t\u0173 ir b\u016bt\u0173 mink\u0161ti, paskirstykite apytiksliai 2\u20133 kartus i\u0161spaust\u0105 aliej\u0173 ant saus\u0173 plauk\u0173. Tepamo aliejaus kiekis priklauso nuo plauk\u0173 tipo. Jei plaukai ploni, u\u017eteks 1 karto, jei vidutinio storumo arba tank\u016bs, reikt\u0173 2 ar 3 kart\u0173. Jei b\u016btina, naudokite daugiau.<\/p><\/div><\/div><div class=\"easytabs-content-item\" data-et-marker=\"tabs-oi-aliejus-3\" data-et-handle=\"tabs-sudedamosios-dalys\"><h5 class=\"easytabs-accordion-item\" tabindex=\"-1\" aria-labelledby=\"easytabs-slide-label-4707937321092-1\" aria-selected=\"false\"><a class=\"ui-tabs-anchor js-no-transition\">Sudedamosios dalys<\/a><\/h5><div class=\"Rte\"><div id=\"4707937321092\" class=\"easytabs-container tab-widget-4707937321092 easytabs-inited\" data-et-min-width=\"0\" data-et-auto-accordion=\"0\" data-et-cbw=\"1\" data-et-cbr=\"3\" data-et-sta=\"1\" data-et-amp=\"0\" data-et-flx=\"0\" data-et-wt=\"0\" data-et-ao=\"1\" data-et-tabs-width=\"295\"><div class=\"easytabs-holder easytabs-accordion\"><div class=\"easytabs-contents\"><div class=\"easytabs-content-item easytabs-active\" data-et-marker=\"tabs-oi-aliejus-3\" data-et-handle=\"tabs-sudedamosios-dalys\"><div class=\"easytabs-content-holder\" aria-labelledby=\"easytabs-slide-label-4707937321092-1\" aria-expanded=\"true\" aria-hidden=\"false\"><p>Visuose OI linijos produktuose yra aliejaus, i\u0161gauto i\u0161 Roucou, augalo, kilusio i\u0161 Amazon\u0117s. Jame gausu beta-karotino (100 kart\u0173 daugiau nei morkose), jis atgaivina plauko strukt\u016br\u0105 ir skatina j\u0173 augim\u0105.<\/p><p class=\"specifics__list ingredients\">CYCLOPENTASILOXANE, DISILOXANE,DIMETHICONOL, CYCLOHEXASILOXANE, ETHYLHEXYL METHOXYCINNAMATE,PARFUM \/ FRAGRANCE, TOCOPHEROL, HELIANTHUS ANNUUSSEED OIL \/ HELIANTHUS ANNUUS (SUNFLOWER) SEED OIL, BIXAORELLANA SEED EXTRACT, CITRONELLOL, MAURITIA FLEXUOSA FRUITOIL, GERANIOL, LINALOOL, ALPHA-ISOMETHYL IONONE, LIMONENE.<\/p><\/div><\/div><\/div><div class=\"easytabs-undertabs-holder\">\u00a0<\/div><\/div><\/div><\/div><div id=\"shopify-product-reviews\" data-id=\"4707937321092\"><div class=\"spr-container\"><div class=\"spr-header\"><div class=\"spr-summary\">\u00a0<\/div><\/div><\/div><\/div><\/div>\t\t\t\t\t\t<\/div>\n\t\t\t\t<\/div>\n\t\t\t\t\t<\/div>\n\t\t<\/div>\n\t\t\t\t\t\t\t<\/div>\n\t\t<\/section>\n\t\t\t\t\t\t<\/div>\n\t\t\t\t\t<\/div>\n\t\t","protected":false},"excerpt":{"rendered":"<p>Panaudojus plauk\u0173 aliej\u0173, plaukai ima ypa\u010d \u017evilg\u0117ti, tampa mink\u0161ti, lengvai i\u0161\u0161ukuojami ir formuojami, nesigarbanoja. Aliejus taip pat apsaugo plaukus nuo oksidant\u0173 ir laisv\u0173j\u0173 radikal\u0173.<\/p>\n","protected":false},"featured_media":10194,"comment_status":"open","ping_status":"closed","template":"","meta":{"om_disable_all_campaigns":false},"product_brand":[],"product_cat":[41],"product_tag":[28,33,68,49,29],"class_list":{"0":"post-10193","1":"product","2":"type-product","3":"status-publish","4":"has-post-thumbnail","6":"product_cat-plauku-aliejukai-pieneliai","7":"product_tag-dazyti-plaukai","8":"product_tag-garbanoti-plaukai","9":"product_tag-normalus-plaukai","10":"product_tag-ploni-plaukai","11":"product_tag-siaustis-linke-plaukai","13":"first","14":"instock","15":"shipping-taxable","16":"purchasable","17":"product-type-variable","18":"add-to-wishlist-before_image"},"aioseo_notices":[],"_links":{"self":[{"href":"https:\/\/kasperindre.lt\/index.php?rest_route=\/wp\/v2\/product\/10193","targetHints":{"allow":["GET"]}}],"collection":[{"href":"https:\/\/kasperindre.lt\/index.php?rest_route=\/wp\/v2\/product"}],"about":[{"href":"https:\/\/kasperindre.lt\/index.php?rest_route=\/wp\/v2\/types\/product"}],"replies":[{"embeddable":true,"href":"https:\/\/kasperindre.lt\/index.php?rest_route=%2Fwp%2Fv2%2Fcomments&post=10193"}],"version-history":[{"count":6,"href":"https:\/\/kasperindre.lt\/index.php?rest_route=\/wp\/v2\/product\/10193\/revisions"}],"predecessor-version":[{"id":11087,"href":"https:\/\/kasperindre.lt\/index.php?rest_route=\/wp\/v2\/product\/10193\/revisions\/11087"}],"wp:featuredmedia":[{"embeddable":true,"href":"https:\/\/kasperindre.lt\/index.php?rest_route=\/wp\/v2\/media\/10194"}],"wp:attachment":[{"href":"https:\/\/kasperindre.lt\/index.php?rest_route=%2Fwp%2Fv2%2Fmedia&parent=10193"}],"wp:term":[{"taxonomy":"product_brand","embeddable":true,"href":"https:\/\/kasperindre.lt\/index.php?rest_route=%2Fwp%2Fv2%2Fproduct_brand&post=10193"},{"taxonomy":"product_cat","embeddable":true,"href":"https:\/\/kasperindre.lt\/index.php?rest_route=%2Fwp%2Fv2%2Fproduct_cat&post=10193"},{"taxonomy":"product_tag","embeddable":true,"href":"https:\/\/kasperindre.lt\/index.php?rest_route=%2Fwp%2Fv2%2Fproduct_tag&post=10193"}],"curies":[{"name":"wp","href":"https:\/\/api.w.org\/{rel}","templated":true}]}}